{"id":3,"date":"2021-04-05T14:22:04","date_gmt":"2021-04-05T12:22:04","guid":{"rendered":"http:\/\/atelierbellelurette.com\/saclay-labo\/?page_id=3"},"modified":"2022-05-17T06:11:44","modified_gmt":"2022-05-17T04:11:44","slug":"politique-de-confidentialite","status":"publish","type":"page","link":"https:\/\/inserm1193.universite-paris-saclay.fr\/en\/politique-de-confidentialite\/","title":{"rendered":"Privacy policy"},"content":{"rendered":"<h1><strong>Privacy policy<\/strong><\/h1>\n\n\n\n<p><strong>Propri\u00e9t\u00e9<br><\/strong>Le pr\u00e9sent site est la propri\u00e9t\u00e9 de l&rsquo;UMR-S 1193\/HEPAREG dont les bureaux sont situ\u00e9s :<br>Centre H\u00e9pato-Biliaire<br>H\u00f4pital Paul Brousse<br>12 av. Paul Vaillant Couturier<br>94804 Villejuif Cedex<br>France<\/p>\n\n\n\n<p><strong>H\u00e9bergement du site<\/strong><br>Universit\u00e9 Paris-Saclay<\/p>\n\n\n\n<p><strong>Directeur de la publication<\/strong><br>Didier Samuel<\/p>\n\n\n\n<p><strong>Directeurs de la r\u00e9daction et webmasters<\/strong><br>B\u00e9atrice Benoit<br>Thomas Falgui\u00e8res<\/p>\n\n\n\n<p><strong>Conditions d&rsquo;utilisation<\/strong><br>La responsabilit\u00e9 de l\u2019UMR-S 1193\/HEPAREG ne peut, en aucune mani\u00e8re, \u00eatre engag\u00e9e quant au contenu des informations figurant sur ce site ou aux cons\u00e9quences pouvant r\u00e9sulter de leur utilisation ou interpr\u00e9tation.<br>Le site de l\u2019UMR-S 1193\/HEPAREG est une oeuvre de cr\u00e9ation, propri\u00e9t\u00e9 exclusive de l\u2019unit\u00e9, prot\u00e9g\u00e9e par la l\u00e9gislation fran\u00e7aise et internationale sur le droit de la propri\u00e9t\u00e9 intellectuelle. Aucune reproduction ou repr\u00e9sentation ne peut \u00eatre r\u00e9alis\u00e9e en contravention avec les droits de l\u2019UMR-S 1193\/HEPAREG. Les images doivent \u00eatre utilis\u00e9es \u00e0 des fins strictement professionnelles, non commerciales, sous r\u00e9serve que vous conserviez, sur les copies t\u00e9l\u00e9charg\u00e9es ou imprim\u00e9es, l&rsquo;int\u00e9gralit\u00e9 des mentions de copyright et toutes autres mentions l\u00e9gales figurant sur les originaux. Tout autre usage est soumis \u00e0 autorisation pr\u00e9alable et expresse aupr\u00e8s de l&rsquo;administration de l&rsquo;UMR-S 1193\/HEPAREG. La violation de ces dispositions imp\u00e9ratives soumet le contrevenant et toutes personnes responsables aux peines p\u00e9nales et civiles pr\u00e9vues par la loi.<br>La mise en place de liens hypertextes par des tiers vers des pages ou des documents diffus\u00e9s sur le site de l\u2019UMR-S 1193\/HEPAREG, est autoris\u00e9e sous r\u00e9serve que les liens ne contreviennent pas aux int\u00e9r\u00eats de l\u2019unit\u00e9, et, qu\u2019ils garantissent la possibilit\u00e9 pour l\u2019utilisateur d\u2019identifier l\u2019origine et l\u2019auteur du document.<\/p>\n\n\n\n<p><strong>Donn\u00e9es personnelles<\/strong><br>Conform\u00e9ment \u00e0 la loi \u00ab\u00a0Informatique et libert\u00e9s\u00a0\u00bb du 06 janvier 1978, toutes donn\u00e9es personnelles recueillies sur le site, font l&rsquo;objet de traitements informatis\u00e9s. Quel que soit le syst\u00e8me de collectes des donn\u00e9es utilis\u00e9es, vous disposez d&rsquo;un droit d&rsquo;acc\u00e8s, de modification et de suppression de celles vous concernant, en ligne sur ce site.<\/p>\n\n\n\n<p><strong>Commentaires<br><\/strong>Quand vous laissez un commentaire sur notre site, les donn\u00e9es inscrites dans le formulaire de commentaire, mais aussi votre adresse IP et l\u2019agent utilisateur de votre navigateur sont collect\u00e9s pour nous aider \u00e0 la d\u00e9tection des commentaires ind\u00e9sirables.<br>Une cha\u00eene anonymis\u00e9e cr\u00e9\u00e9e \u00e0 partir de votre adresse e-mail (\u00e9galement appel\u00e9e hash) peut \u00eatre envoy\u00e9e au service Gravatar pour v\u00e9rifier si vous utilisez ce dernier. Les clauses de confidentialit\u00e9 du service Gravatar sont disponibles ici&nbsp;: https:\/\/automattic.com\/privacy\/. Apr\u00e8s validation de votre commentaire, votre photo de profil sera visible publiquement \u00e0 cot\u00e9 de votre commentaire.<\/p>\n\n\n\n<p><strong>M\u00e9dias<\/strong><br>Si vous t\u00e9l\u00e9versez des images sur le site, nous vous conseillons d\u2019\u00e9viter de t\u00e9l\u00e9verser des images contenant des donn\u00e9es EXIF de coordonn\u00e9es GPS. Les personnes visitant votre site peuvent t\u00e9l\u00e9charger et extraire des donn\u00e9es de localisation depuis ces images.<\/p>\n\n\n\n<p><strong>Formulaires de contact et cookies<\/strong><br>Si vous d\u00e9posez un commentaire sur notre site, il vous sera propos\u00e9 d\u2019enregistrer votre nom, adresse e-mail et site dans des cookies. C\u2019est uniquement pour votre confort afin de ne pas avoir \u00e0 saisir ces informations si vous d\u00e9posez un autre commentaire plus tard. Ces cookies expirent au bout d\u2019un an.<br>Si vous vous rendez sur la page de connexion, un cookie temporaire sera cr\u00e9\u00e9 afin de d\u00e9terminer si votre navigateur accepte les cookies. Il ne contient pas de donn\u00e9es personnelles et sera supprim\u00e9 automatiquement \u00e0 la fermeture de votre navigateur. Lorsque vous vous connecterez, nous mettrons en place un certain nombre de cookies pour enregistrer vos informations de connexion et vos pr\u00e9f\u00e9rences d\u2019\u00e9cran. La dur\u00e9e de vie d\u2019un cookie de connexion est de deux jours, celle d\u2019un cookie d\u2019option d\u2019\u00e9cran est d\u2019un an. Si vous cochez \u00ab&nbsp;Se souvenir de moi&nbsp;\u00bb, votre cookie de connexion sera conserv\u00e9 pendant deux semaines. Si vous vous d\u00e9connectez de votre compte, le cookie de connexion sera effac\u00e9.<br>Ce site utilise Google Analytics, un service d&rsquo;analyse de site internet fourni par Google Inc. (\u00ab Google \u00bb). Google Analytics utilise des cookies, qui sont des fichiers texte plac\u00e9s sur votre ordinateur, pour aider le site internet \u00e0 analyser l&rsquo;utilisation du site par ses utilisateurs. Les donn\u00e9es g\u00e9n\u00e9r\u00e9es par les cookies concernant votre utilisation du site (y compris votre adresse IP) seront transmises et stock\u00e9es par Google sur des serveurs situ\u00e9s aux Etats-Unis. Google utilisera cette information dans le but d&rsquo;\u00e9valuer votre utilisation du site, de compiler des rapports sur l&rsquo;activit\u00e9 du site \u00e0 destination de son \u00e9diteur et de fournir d&rsquo;autres services relatifs \u00e0 l&rsquo;activit\u00e9 du site et \u00e0 l&rsquo;utilisation d&rsquo;Internet. Google est susceptible de communiquer ces donn\u00e9es \u00e0 des tiers en cas d&rsquo;obligation l\u00e9gale ou lorsque ces tiers traitent ces donn\u00e9es pour le compte de Google, y compris notamment l&rsquo;\u00e9diteur de ce site. Google ne recoupera pas votre adresse IP avec toute autre donn\u00e9e d\u00e9tenue par Google. Vous pouvez d\u00e9sactiver l&rsquo;utilisation de cookies en s\u00e9lectionnant les param\u00e8tres appropri\u00e9s de votre navigateur. Cependant, une telle d\u00e9sactivation pourrait emp\u00eacher l&rsquo;utilisation de certaines fonctionnalit\u00e9s de ce site. En utilisant ce site internet, vous consentez express\u00e9ment au traitement de vos donn\u00e9es nominatives par Google dans les conditions et pour les finalit\u00e9s d\u00e9crites ci-dessus.<\/p>\n\n\n\n<p><\/p>\n\n\n\n<p><strong>Contenu embarqu\u00e9 \u00e0 partir d&rsquo;autres sites<\/strong><br>Les articles et pages de ce site peuvent inclure des contenus int\u00e9gr\u00e9s (par exemple des vid\u00e9os, images, articles\u2026). Le contenu int\u00e9gr\u00e9 depuis d\u2019autres sites se comporte de la m\u00eame mani\u00e8re que si le visiteur se rendait sur cet autre site. Ces sites web pourraient collecter des donn\u00e9es sur vous, utiliser des cookies, embarquer des outils de suivis tiers, suivre vos interactions avec ces contenus embarqu\u00e9s si vous disposez d\u2019un compte connect\u00e9 sur leur site web.<\/p>\n\n\n\n<p><strong>R\u00e9alisation<\/strong><br>Site r\u00e9alis\u00e9 avec le CMS open source WordPress, version 5.9.3 (syst\u00e8me de gestion de contenus pour Internet).<\/p>","protected":false},"excerpt":{"rendered":"<p>Mentions l\u00e9gales Propri\u00e9t\u00e9Le pr\u00e9sent site est la propri\u00e9t\u00e9 de l&rsquo;UMR-S 1193\/HEPAREG dont les bureaux sont situ\u00e9s :Centre H\u00e9pato-BiliaireH\u00f4pital Paul Brousse12 av. Paul Vaillant Couturier94804 Villejuif CedexFrance H\u00e9bergement du siteUniversit\u00e9 Paris-Saclay Directeur de la publicationDidier Samuel Directeurs de la r\u00e9daction et webmastersB\u00e9atrice BenoitThomas Falgui\u00e8res Conditions d&rsquo;utilisationLa responsabilit\u00e9 de l\u2019UMR-S 1193\/HEPAREG ne peut, en aucune mani\u00e8re, \u00eatre [&hellip;]<\/p>","protected":false},"author":6,"featured_media":0,"parent":0,"menu_order":7,"comment_status":"closed","ping_status":"closed","template":"wp-custom-template-mon-modele","meta":[],"yoast_head":"<!-- This site is optimized with the Yoast SEO plugin v19.7.1 - https:\/\/yoast.com\/wordpress\/plugins\/seo\/ -->\n<title>Mentions l\u00e9gales - UMR-S 1193 HEPAREG<\/title>\n<meta name=\"robots\" content=\"noindex, follow, max-snippet:-1, max-image-preview:large, max-video-preview:-1\" \/>\n<meta property=\"og:locale\" content=\"en_US\" \/>\n<meta property=\"og:type\" content=\"article\" \/>\n<meta property=\"og:title\" content=\"Mentions l\u00e9gales - UMR-S 1193 HEPAREG\" \/>\n<meta property=\"og:description\" content=\"Mentions l\u00e9gales Propri\u00e9t\u00e9Le pr\u00e9sent site est la propri\u00e9t\u00e9 de l&rsquo;UMR-S 1193\/HEPAREG dont les bureaux sont situ\u00e9s :Centre H\u00e9pato-BiliaireH\u00f4pital Paul Brousse12 av. Paul Vaillant Couturier94804 Villejuif CedexFrance H\u00e9bergement du siteUniversit\u00e9 Paris-Saclay Directeur de la publicationDidier Samuel Directeurs de la r\u00e9daction et webmastersB\u00e9atrice BenoitThomas Falgui\u00e8res Conditions d&rsquo;utilisationLa responsabilit\u00e9 de l\u2019UMR-S 1193\/HEPAREG ne peut, en aucune mani\u00e8re, \u00eatre [&hellip;]\" \/>\n<meta property=\"og:url\" content=\"https:\/\/inserm1193.universite-paris-saclay.fr\/en\/politique-de-confidentialite\/\" \/>\n<meta property=\"og:site_name\" content=\"UMR-S 1193 HEPAREG\" \/>\n<meta property=\"article:modified_time\" content=\"2022-05-17T04:11:44+00:00\" \/>\n<meta name=\"twitter:card\" content=\"summary_large_image\" \/>\n<meta name=\"twitter:label1\" content=\"Est. reading time\" \/>\n\t<meta name=\"twitter:data1\" content=\"5 minutes\" \/>\n<script type=\"application\/ld+json\" class=\"yoast-schema-graph\">{\"@context\":\"https:\/\/schema.org\",\"@graph\":[{\"@type\":\"WebPage\",\"@id\":\"https:\/\/inserm1193.universite-paris-saclay.fr\/politique-de-confidentialite\/\",\"url\":\"https:\/\/inserm1193.universite-paris-saclay.fr\/politique-de-confidentialite\/\",\"name\":\"Mentions l\u00e9gales - UMR-S 1193 HEPAREG\",\"isPartOf\":{\"@id\":\"https:\/\/inserm1193.universite-paris-saclay.fr\/#website\"},\"datePublished\":\"2021-04-05T12:22:04+00:00\",\"dateModified\":\"2022-05-17T04:11:44+00:00\",\"breadcrumb\":{\"@id\":\"https:\/\/inserm1193.universite-paris-saclay.fr\/politique-de-confidentialite\/#breadcrumb\"},\"inLanguage\":\"en-US\",\"potentialAction\":[{\"@type\":\"ReadAction\",\"target\":[\"https:\/\/inserm1193.universite-paris-saclay.fr\/politique-de-confidentialite\/\"]}]},{\"@type\":\"BreadcrumbList\",\"@id\":\"https:\/\/inserm1193.universite-paris-saclay.fr\/politique-de-confidentialite\/#breadcrumb\",\"itemListElement\":[{\"@type\":\"ListItem\",\"position\":1,\"name\":\"Accueil\",\"item\":\"https:\/\/inserm1193.universite-paris-saclay.fr\/\"},{\"@type\":\"ListItem\",\"position\":2,\"name\":\"Mentions l\u00e9gales\"}]},{\"@type\":\"WebSite\",\"@id\":\"https:\/\/inserm1193.universite-paris-saclay.fr\/#website\",\"url\":\"https:\/\/inserm1193.universite-paris-saclay.fr\/\",\"name\":\"UMR-S 1193 HEPAREG\",\"description\":\"Physiopathog\u00e9n\u00e8se et Traitement des maladies du foie\",\"publisher\":{\"@id\":\"https:\/\/inserm1193.universite-paris-saclay.fr\/#organization\"},\"potentialAction\":[{\"@type\":\"SearchAction\",\"target\":{\"@type\":\"EntryPoint\",\"urlTemplate\":\"https:\/\/inserm1193.universite-paris-saclay.fr\/?s={search_term_string}\"},\"query-input\":\"required name=search_term_string\"}],\"inLanguage\":\"en-US\"},{\"@type\":\"Organization\",\"@id\":\"https:\/\/inserm1193.universite-paris-saclay.fr\/#organization\",\"name\":\"UMR-S 1193 Inserm\/Universit\u00e9 Paris-Saclay\",\"url\":\"https:\/\/inserm1193.universite-paris-saclay.fr\/\",\"sameAs\":[],\"logo\":{\"@type\":\"ImageObject\",\"inLanguage\":\"en-US\",\"@id\":\"https:\/\/inserm1193.universite-paris-saclay.fr\/#\/schema\/logo\/image\/\",\"url\":\"https:\/\/inserm1193.universite-paris-saclay.fr\/wp-content\/uploads\/2022\/04\/Logo-U1193-25-03-22.png\",\"contentUrl\":\"https:\/\/inserm1193.universite-paris-saclay.fr\/wp-content\/uploads\/2022\/04\/Logo-U1193-25-03-22.png\",\"width\":3630,\"height\":2938,\"caption\":\"UMR-S 1193 Inserm\/Universit\u00e9 Paris-Saclay\"},\"image\":{\"@id\":\"https:\/\/inserm1193.universite-paris-saclay.fr\/#\/schema\/logo\/image\/\"}}]}<\/script>\n<!-- \/ Yoast SEO plugin. -->","yoast_head_json":{"title":"Mentions l\u00e9gales - UMR-S 1193 HEPAREG","robots":{"index":"noindex","follow":"follow","max-snippet":"max-snippet:-1","max-image-preview":"max-image-preview:large","max-video-preview":"max-video-preview:-1"},"og_locale":"en_US","og_type":"article","og_title":"Mentions l\u00e9gales - UMR-S 1193 HEPAREG","og_description":"Mentions l\u00e9gales Propri\u00e9t\u00e9Le pr\u00e9sent site est la propri\u00e9t\u00e9 de l&rsquo;UMR-S 1193\/HEPAREG dont les bureaux sont situ\u00e9s :Centre H\u00e9pato-BiliaireH\u00f4pital Paul Brousse12 av. Paul Vaillant Couturier94804 Villejuif CedexFrance H\u00e9bergement du siteUniversit\u00e9 Paris-Saclay Directeur de la publicationDidier Samuel Directeurs de la r\u00e9daction et webmastersB\u00e9atrice BenoitThomas Falgui\u00e8res Conditions d&rsquo;utilisationLa responsabilit\u00e9 de l\u2019UMR-S 1193\/HEPAREG ne peut, en aucune mani\u00e8re, \u00eatre [&hellip;]","og_url":"https:\/\/inserm1193.universite-paris-saclay.fr\/en\/politique-de-confidentialite\/","og_site_name":"UMR-S 1193 HEPAREG","article_modified_time":"2022-05-17T04:11:44+00:00","twitter_card":"summary_large_image","twitter_misc":{"Est. reading time":"5 minutes"},"schema":{"@context":"https:\/\/schema.org","@graph":[{"@type":"WebPage","@id":"https:\/\/inserm1193.universite-paris-saclay.fr\/politique-de-confidentialite\/","url":"https:\/\/inserm1193.universite-paris-saclay.fr\/politique-de-confidentialite\/","name":"Mentions l\u00e9gales - UMR-S 1193 HEPAREG","isPartOf":{"@id":"https:\/\/inserm1193.universite-paris-saclay.fr\/#website"},"datePublished":"2021-04-05T12:22:04+00:00","dateModified":"2022-05-17T04:11:44+00:00","breadcrumb":{"@id":"https:\/\/inserm1193.universite-paris-saclay.fr\/politique-de-confidentialite\/#breadcrumb"},"inLanguage":"en-US","potentialAction":[{"@type":"ReadAction","target":["https:\/\/inserm1193.universite-paris-saclay.fr\/politique-de-confidentialite\/"]}]},{"@type":"BreadcrumbList","@id":"https:\/\/inserm1193.universite-paris-saclay.fr\/politique-de-confidentialite\/#breadcrumb","itemListElement":[{"@type":"ListItem","position":1,"name":"Accueil","item":"https:\/\/inserm1193.universite-paris-saclay.fr\/"},{"@type":"ListItem","position":2,"name":"Mentions l\u00e9gales"}]},{"@type":"WebSite","@id":"https:\/\/inserm1193.universite-paris-saclay.fr\/#website","url":"https:\/\/inserm1193.universite-paris-saclay.fr\/","name":"UMR-S 1193 HEPAREG","description":"Physiopathog\u00e9n\u00e8se et Traitement des maladies du foie","publisher":{"@id":"https:\/\/inserm1193.universite-paris-saclay.fr\/#organization"},"potentialAction":[{"@type":"SearchAction","target":{"@type":"EntryPoint","urlTemplate":"https:\/\/inserm1193.universite-paris-saclay.fr\/?s={search_term_string}"},"query-input":"required name=search_term_string"}],"inLanguage":"en-US"},{"@type":"Organization","@id":"https:\/\/inserm1193.universite-paris-saclay.fr\/#organization","name":"UMR-S 1193 Inserm\/Universit\u00e9 Paris-Saclay","url":"https:\/\/inserm1193.universite-paris-saclay.fr\/","sameAs":[],"logo":{"@type":"ImageObject","inLanguage":"en-US","@id":"https:\/\/inserm1193.universite-paris-saclay.fr\/#\/schema\/logo\/image\/","url":"https:\/\/inserm1193.universite-paris-saclay.fr\/wp-content\/uploads\/2022\/04\/Logo-U1193-25-03-22.png","contentUrl":"https:\/\/inserm1193.universite-paris-saclay.fr\/wp-content\/uploads\/2022\/04\/Logo-U1193-25-03-22.png","width":3630,"height":2938,"caption":"UMR-S 1193 Inserm\/Universit\u00e9 Paris-Saclay"},"image":{"@id":"https:\/\/inserm1193.universite-paris-saclay.fr\/#\/schema\/logo\/image\/"}}]}},"_links":{"self":[{"href":"https:\/\/inserm1193.universite-paris-saclay.fr\/en\/wp-json\/wp\/v2\/pages\/3"}],"collection":[{"href":"https:\/\/inserm1193.universite-paris-saclay.fr\/en\/wp-json\/wp\/v2\/pages"}],"about":[{"href":"https:\/\/inserm1193.universite-paris-saclay.fr\/en\/wp-json\/wp\/v2\/types\/page"}],"author":[{"embeddable":true,"href":"https:\/\/inserm1193.universite-paris-saclay.fr\/en\/wp-json\/wp\/v2\/users\/6"}],"replies":[{"embeddable":true,"href":"https:\/\/inserm1193.universite-paris-saclay.fr\/en\/wp-json\/wp\/v2\/comments?post=3"}],"version-history":[{"count":9,"href":"https:\/\/inserm1193.universite-paris-saclay.fr\/en\/wp-json\/wp\/v2\/pages\/3\/revisions"}],"predecessor-version":[{"id":1589,"href":"https:\/\/inserm1193.universite-paris-saclay.fr\/en\/wp-json\/wp\/v2\/pages\/3\/revisions\/1589"}],"wp:attachment":[{"href":"https:\/\/inserm1193.universite-paris-saclay.fr\/en\/wp-json\/wp\/v2\/media?parent=3"}],"curies":[{"name":"wp","href":"https:\/\/api.w.org\/{rel}","templated":true}]}}