{"id":846,"date":"2022-04-26T16:06:25","date_gmt":"2022-04-26T14:06:25","guid":{"rendered":"http:\/\/localhost\/backupunite\/?page_id=846"},"modified":"2022-05-30T17:15:22","modified_gmt":"2022-05-30T15:15:22","slug":"offres-demploi","status":"publish","type":"page","link":"https:\/\/inserm1193.universite-paris-saclay.fr\/en\/offres-demploi\/","title":{"rendered":"Offres d&#8217;emploi"},"content":{"rendered":"<p><\/p>\n\n\n\n<h3 class=\"has-text-align-center has-text-color\" style=\"color:#63003c\"><strong>Offres d&#8217;emploi<\/strong><\/h3>\n\n\n\n<p><\/p>\n\n\n\n<p><\/p>\n\n\n\n<h4 class=\"has-text-align-center\">Nous accueillons r\u00e9guli\u00e8rement des stagiaires motiv\u00e9s de tous niveaux<br>(stage de 3\u00e8me, BTS, licence, ing\u00e9nieur, pharmacien, m\u00e9decin, Master M1 et M2, doctorat, post-doctorat).<\/h4>\n\n\n\n<h4 class=\"has-text-align-center\"><br>Que vous soyez int\u00e9ress\u00e9s par la physiopathologie du foie et\/ou la biologie cellulaire, <br>pour nous rejoindre :<\/h4>\n\n\n\n<h4 class=\"has-text-align-center\">Adressez votre candidature (CV accompagn\u00e9 d&rsquo;une lettre de motivation) par courrier \u00e9lectronique<br>aux directeurs d\u2019\u00e9quipes ou chercheurs chez qui vous souhaitez postuler.<\/h4>\n\n\n\n<p><\/p>","protected":false},"excerpt":{"rendered":"<p>Offres d&#8217;emploi Nous accueillons r\u00e9guli\u00e8rement des stagiaires motiv\u00e9s de tous niveaux(stage de 3\u00e8me, BTS, licence, ing\u00e9nieur, pharmacien, m\u00e9decin, Master M1 et M2, doctorat, post-doctorat). Que vous soyez int\u00e9ress\u00e9s par la physiopathologie du foie et\/ou la biologie cellulaire, pour nous rejoindre : Adressez votre candidature (CV accompagn\u00e9 d&rsquo;une lettre de motivation) par courrier \u00e9lectroniqueaux directeurs d\u2019\u00e9quipes [&hellip;]<\/p>","protected":false},"author":8,"featured_media":0,"parent":0,"menu_order":6,"comment_status":"closed","ping_status":"closed","template":"wp-custom-template-mon-modele","meta":[],"yoast_head":"<!-- This site is optimized with the Yoast SEO plugin v19.7.1 - https:\/\/yoast.com\/wordpress\/plugins\/seo\/ -->\n<title>Offres d&#039;emploi - UMR-S 1193 HEPAREG<\/title>\n<meta name=\"robots\" content=\"noindex, follow, max-snippet:-1, max-image-preview:large, max-video-preview:-1\" \/>\n<meta property=\"og:locale\" content=\"en_US\" \/>\n<meta property=\"og:type\" content=\"article\" \/>\n<meta property=\"og:title\" content=\"Offres d&#039;emploi - UMR-S 1193 HEPAREG\" \/>\n<meta property=\"og:description\" content=\"Offres d&#8217;emploi Nous accueillons r\u00e9guli\u00e8rement des stagiaires motiv\u00e9s de tous niveaux(stage de 3\u00e8me, BTS, licence, ing\u00e9nieur, pharmacien, m\u00e9decin, Master M1 et M2, doctorat, post-doctorat). Que vous soyez int\u00e9ress\u00e9s par la physiopathologie du foie et\/ou la biologie cellulaire, pour nous rejoindre : Adressez votre candidature (CV accompagn\u00e9 d&rsquo;une lettre de motivation) par courrier \u00e9lectroniqueaux directeurs d\u2019\u00e9quipes [&hellip;]\" \/>\n<meta property=\"og:url\" content=\"https:\/\/inserm1193.universite-paris-saclay.fr\/en\/offres-demploi\/\" \/>\n<meta property=\"og:site_name\" content=\"UMR-S 1193 HEPAREG\" \/>\n<meta property=\"article:modified_time\" content=\"2022-05-30T15:15:22+00:00\" \/>\n<meta name=\"twitter:card\" content=\"summary_large_image\" \/>\n<meta name=\"twitter:label1\" content=\"Est. reading time\" \/>\n\t<meta name=\"twitter:data1\" content=\"1 minute\" \/>\n<script type=\"application\/ld+json\" class=\"yoast-schema-graph\">{\"@context\":\"https:\/\/schema.org\",\"@graph\":[{\"@type\":\"WebPage\",\"@id\":\"https:\/\/inserm1193.universite-paris-saclay.fr\/offres-demploi\/\",\"url\":\"https:\/\/inserm1193.universite-paris-saclay.fr\/offres-demploi\/\",\"name\":\"Offres d'emploi - UMR-S 1193 HEPAREG\",\"isPartOf\":{\"@id\":\"https:\/\/inserm1193.universite-paris-saclay.fr\/#website\"},\"datePublished\":\"2022-04-26T14:06:25+00:00\",\"dateModified\":\"2022-05-30T15:15:22+00:00\",\"breadcrumb\":{\"@id\":\"https:\/\/inserm1193.universite-paris-saclay.fr\/offres-demploi\/#breadcrumb\"},\"inLanguage\":\"en-US\",\"potentialAction\":[{\"@type\":\"ReadAction\",\"target\":[\"https:\/\/inserm1193.universite-paris-saclay.fr\/offres-demploi\/\"]}]},{\"@type\":\"BreadcrumbList\",\"@id\":\"https:\/\/inserm1193.universite-paris-saclay.fr\/offres-demploi\/#breadcrumb\",\"itemListElement\":[{\"@type\":\"ListItem\",\"position\":1,\"name\":\"Accueil\",\"item\":\"https:\/\/inserm1193.universite-paris-saclay.fr\/\"},{\"@type\":\"ListItem\",\"position\":2,\"name\":\"Offres d&#8217;emploi\"}]},{\"@type\":\"WebSite\",\"@id\":\"https:\/\/inserm1193.universite-paris-saclay.fr\/#website\",\"url\":\"https:\/\/inserm1193.universite-paris-saclay.fr\/\",\"name\":\"UMR-S 1193 HEPAREG\",\"description\":\"Physiopathog\u00e9n\u00e8se et Traitement des maladies du foie\",\"publisher\":{\"@id\":\"https:\/\/inserm1193.universite-paris-saclay.fr\/#organization\"},\"potentialAction\":[{\"@type\":\"SearchAction\",\"target\":{\"@type\":\"EntryPoint\",\"urlTemplate\":\"https:\/\/inserm1193.universite-paris-saclay.fr\/?s={search_term_string}\"},\"query-input\":\"required name=search_term_string\"}],\"inLanguage\":\"en-US\"},{\"@type\":\"Organization\",\"@id\":\"https:\/\/inserm1193.universite-paris-saclay.fr\/#organization\",\"name\":\"UMR-S 1193 Inserm\/Universit\u00e9 Paris-Saclay\",\"url\":\"https:\/\/inserm1193.universite-paris-saclay.fr\/\",\"sameAs\":[],\"logo\":{\"@type\":\"ImageObject\",\"inLanguage\":\"en-US\",\"@id\":\"https:\/\/inserm1193.universite-paris-saclay.fr\/#\/schema\/logo\/image\/\",\"url\":\"https:\/\/inserm1193.universite-paris-saclay.fr\/wp-content\/uploads\/2022\/04\/Logo-U1193-25-03-22.png\",\"contentUrl\":\"https:\/\/inserm1193.universite-paris-saclay.fr\/wp-content\/uploads\/2022\/04\/Logo-U1193-25-03-22.png\",\"width\":3630,\"height\":2938,\"caption\":\"UMR-S 1193 Inserm\/Universit\u00e9 Paris-Saclay\"},\"image\":{\"@id\":\"https:\/\/inserm1193.universite-paris-saclay.fr\/#\/schema\/logo\/image\/\"}}]}<\/script>\n<!-- \/ Yoast SEO plugin. -->","yoast_head_json":{"title":"Offres d'emploi - UMR-S 1193 HEPAREG","robots":{"index":"noindex","follow":"follow","max-snippet":"max-snippet:-1","max-image-preview":"max-image-preview:large","max-video-preview":"max-video-preview:-1"},"og_locale":"en_US","og_type":"article","og_title":"Offres d'emploi - UMR-S 1193 HEPAREG","og_description":"Offres d&#8217;emploi Nous accueillons r\u00e9guli\u00e8rement des stagiaires motiv\u00e9s de tous niveaux(stage de 3\u00e8me, BTS, licence, ing\u00e9nieur, pharmacien, m\u00e9decin, Master M1 et M2, doctorat, post-doctorat). Que vous soyez int\u00e9ress\u00e9s par la physiopathologie du foie et\/ou la biologie cellulaire, pour nous rejoindre : Adressez votre candidature (CV accompagn\u00e9 d&rsquo;une lettre de motivation) par courrier \u00e9lectroniqueaux directeurs d\u2019\u00e9quipes [&hellip;]","og_url":"https:\/\/inserm1193.universite-paris-saclay.fr\/en\/offres-demploi\/","og_site_name":"UMR-S 1193 HEPAREG","article_modified_time":"2022-05-30T15:15:22+00:00","twitter_card":"summary_large_image","twitter_misc":{"Est. reading time":"1 minute"},"schema":{"@context":"https:\/\/schema.org","@graph":[{"@type":"WebPage","@id":"https:\/\/inserm1193.universite-paris-saclay.fr\/offres-demploi\/","url":"https:\/\/inserm1193.universite-paris-saclay.fr\/offres-demploi\/","name":"Offres d'emploi - UMR-S 1193 HEPAREG","isPartOf":{"@id":"https:\/\/inserm1193.universite-paris-saclay.fr\/#website"},"datePublished":"2022-04-26T14:06:25+00:00","dateModified":"2022-05-30T15:15:22+00:00","breadcrumb":{"@id":"https:\/\/inserm1193.universite-paris-saclay.fr\/offres-demploi\/#breadcrumb"},"inLanguage":"en-US","potentialAction":[{"@type":"ReadAction","target":["https:\/\/inserm1193.universite-paris-saclay.fr\/offres-demploi\/"]}]},{"@type":"BreadcrumbList","@id":"https:\/\/inserm1193.universite-paris-saclay.fr\/offres-demploi\/#breadcrumb","itemListElement":[{"@type":"ListItem","position":1,"name":"Accueil","item":"https:\/\/inserm1193.universite-paris-saclay.fr\/"},{"@type":"ListItem","position":2,"name":"Offres d&#8217;emploi"}]},{"@type":"WebSite","@id":"https:\/\/inserm1193.universite-paris-saclay.fr\/#website","url":"https:\/\/inserm1193.universite-paris-saclay.fr\/","name":"UMR-S 1193 HEPAREG","description":"Physiopathog\u00e9n\u00e8se et Traitement des maladies du foie","publisher":{"@id":"https:\/\/inserm1193.universite-paris-saclay.fr\/#organization"},"potentialAction":[{"@type":"SearchAction","target":{"@type":"EntryPoint","urlTemplate":"https:\/\/inserm1193.universite-paris-saclay.fr\/?s={search_term_string}"},"query-input":"required name=search_term_string"}],"inLanguage":"en-US"},{"@type":"Organization","@id":"https:\/\/inserm1193.universite-paris-saclay.fr\/#organization","name":"UMR-S 1193 Inserm\/Universit\u00e9 Paris-Saclay","url":"https:\/\/inserm1193.universite-paris-saclay.fr\/","sameAs":[],"logo":{"@type":"ImageObject","inLanguage":"en-US","@id":"https:\/\/inserm1193.universite-paris-saclay.fr\/#\/schema\/logo\/image\/","url":"https:\/\/inserm1193.universite-paris-saclay.fr\/wp-content\/uploads\/2022\/04\/Logo-U1193-25-03-22.png","contentUrl":"https:\/\/inserm1193.universite-paris-saclay.fr\/wp-content\/uploads\/2022\/04\/Logo-U1193-25-03-22.png","width":3630,"height":2938,"caption":"UMR-S 1193 Inserm\/Universit\u00e9 Paris-Saclay"},"image":{"@id":"https:\/\/inserm1193.universite-paris-saclay.fr\/#\/schema\/logo\/image\/"}}]}},"_links":{"self":[{"href":"https:\/\/inserm1193.universite-paris-saclay.fr\/en\/wp-json\/wp\/v2\/pages\/846"}],"collection":[{"href":"https:\/\/inserm1193.universite-paris-saclay.fr\/en\/wp-json\/wp\/v2\/pages"}],"about":[{"href":"https:\/\/inserm1193.universite-paris-saclay.fr\/en\/wp-json\/wp\/v2\/types\/page"}],"author":[{"embeddable":true,"href":"https:\/\/inserm1193.universite-paris-saclay.fr\/en\/wp-json\/wp\/v2\/users\/8"}],"replies":[{"embeddable":true,"href":"https:\/\/inserm1193.universite-paris-saclay.fr\/en\/wp-json\/wp\/v2\/comments?post=846"}],"version-history":[{"count":17,"href":"https:\/\/inserm1193.universite-paris-saclay.fr\/en\/wp-json\/wp\/v2\/pages\/846\/revisions"}],"predecessor-version":[{"id":1774,"href":"https:\/\/inserm1193.universite-paris-saclay.fr\/en\/wp-json\/wp\/v2\/pages\/846\/revisions\/1774"}],"wp:attachment":[{"href":"https:\/\/inserm1193.universite-paris-saclay.fr\/en\/wp-json\/wp\/v2\/media?parent=846"}],"curies":[{"name":"wp","href":"https:\/\/api.w.org\/{rel}","templated":true}]}}